{"id":3006,"date":"2021-07-21T10:16:48","date_gmt":"2021-07-21T10:16:48","guid":{"rendered":"http:\/\/analisisreig.creacomtest.com\/?page_id=3006"},"modified":"2021-07-21T10:19:23","modified_gmt":"2021-07-21T10:19:23","slug":"aviso-legal","status":"publish","type":"page","link":"https:\/\/analisisreig.cat\/es\/aviso-legal\/","title":{"rendered":"Aviso legal"},"content":{"rendered":"\t\t<div data-elementor-type=\"wp-post\" data-elementor-id=\"3006\" class=\"elementor elementor-3006 elementor-929\">\n\t\t\t\t\t\t<section class=\"elementor-section elementor-top-section elementor-element elementor-element-f497148 elementor-section-boxed elementor-section-height-default elementor-section-height-default\" data-id=\"f497148\" data-element_type=\"section\" data-e-type=\"section\" data-settings=\"{&quot;background_background&quot;:&quot;classic&quot;}\">\n\t\t\t\t\t\t\t<div class=\"elementor-background-overlay\"><\/div>\n\t\t\t\t\t\t\t<div class=\"elementor-container elementor-column-gap-no\">\n\t\t\t\t\t<div class=\"elementor-column elementor-col-100 elementor-top-column elementor-element elementor-element-8612597\" data-id=\"8612597\" data-element_type=\"column\" data-e-type=\"column\">\n\t\t\t<div class=\"elementor-widget-wrap elementor-element-populated\">\n\t\t\t\t\t\t<div class=\"elementor-element elementor-element-628af93 elementor-widget elementor-widget-heading\" data-id=\"628af93\" data-element_type=\"widget\" data-e-type=\"widget\" data-widget_type=\"heading.default\">\n\t\t\t\t<div class=\"elementor-widget-container\">\n\t\t\t\t\t<h1 class=\"elementor-heading-title elementor-size-default\">Aviso legal<\/h1>\t\t\t\t<\/div>\n\t\t\t\t<\/div>\n\t\t\t\t\t<\/div>\n\t\t<\/div>\n\t\t\t\t\t<\/div>\n\t\t<\/section>\n\t\t\t\t<section class=\"elementor-section elementor-top-section elementor-element elementor-element-2baf28b elementor-section-content-middle elementor-section-boxed elementor-section-height-default elementor-section-height-default\" data-id=\"2baf28b\" data-element_type=\"section\" data-e-type=\"section\" data-settings=\"{&quot;background_background&quot;:&quot;classic&quot;}\">\n\t\t\t\t\t\t<div class=\"elementor-container elementor-column-gap-no\">\n\t\t\t\t\t<div class=\"elementor-column elementor-col-100 elementor-top-column elementor-element elementor-element-08cfbe1\" data-id=\"08cfbe1\" data-element_type=\"column\" data-e-type=\"column\">\n\t\t\t<div class=\"elementor-widget-wrap elementor-element-populated\">\n\t\t\t\t\t\t<div class=\"elementor-element elementor-element-0c7f7f5 elementor-widget elementor-widget-text-editor\" data-id=\"0c7f7f5\" data-element_type=\"widget\" data-e-type=\"widget\" data-widget_type=\"text-editor.default\">\n\t\t\t\t<div class=\"elementor-widget-container\">\n\t\t\t\t\t\t\t\t\t<h4 style=\"color: #6fb6b0; padding-bottom: 20px;\">1.Propiedad intelectual del web.<\/h4>\n<p>Todos los derechos de propiedad intelectual del contenido de esta p\u00e1gina web, su dise\u00f1o gr\u00e1fico y sus c\u00f3digos fuente, son titularidad exclusiva de Industrial Lab R. Reig con domicilio social a Garcilaso, 4, 08201 Sabadell C.I.F.: B64083306, correspondi\u00e9ndonos el ejercicio exclusivo de los derechos de su explotaci\u00f3n.<\/p>\n<p>Por lo tanto queda prohibida su reproducci\u00f3n, distribuci\u00f3n, comunicaci\u00f3n p\u00fablica y transformaci\u00f3n, total o parcial, sin la autorizaci\u00f3n expr\u00e9s de Industrial Lab R. Reig. Igualmente, todas las firmas, marcas o signos diferentes de cualquier clase contenidos en este web suyo est\u00e1n protegidos por ley.<\/p>\n<h4 style=\"color: #6fb6b0; padding-bottom: 20px; padding-top: 20px;\">2.Contenido del web y enlaces.<\/h4>\n<p>A Industrial Lab R. Reig no nos responsabilizamos del mal uso que se realice de los contenidos de nuestra p\u00e1gina web, estando exclusiva responsabilidad de la persona que accede a ellos o los utiliza. Tampoco asumimos ninguna responsabilidad por la informaci\u00f3n contenida en las p\u00e1ginas web de terceros a las cuales se pueda acceder por enlaces o buscadores desde la p\u00e1gina www.analisisreig.cat<\/p>\n<h4 style=\"color: #6fb6b0; padding-bottom: 20px; padding-top: 20px;\">3.Intercambio o difusi\u00f3n de informaci\u00f3n.<\/h4>\n<p>Industrial *Lab R. Reig declina toda responsabilidad que se derive del intercambio de informaci\u00f3n entre usuarios mediante su p\u00e1gina web. Especialmente no nos hagamos responsables del uso que los menores puedan hacer de ella misma en el supuesto de que los contenidos que se acceda puedan herir su sensibilidad.<\/p>\n<h4 style=\"color: #6fb6b0; padding-bottom: 20px; padding-top: 20px;\">4.Actualizaci\u00f3n y modificaci\u00f3n de la p\u00e1gina web.<\/h4>\n<p>Industrial Lab R. Reig se reserva el derecho a actualizar, modificar o eliminar la informaci\u00f3n contenida en su web, y la configuraci\u00f3n o su presentaci\u00f3n, en cualquier momento, sin previo aviso, y sin asumir ninguna responsabilidad por eso.<\/p>\n<h4 style=\"color: #6fb6b0; padding-bottom: 20px; padding-top: 20px;\">5.Indicaciones sobre aspectos t\u00e9cnicos.<\/h4>\n<p>A Industrial Lab R. Reig no asumimos ninguna responsabilidad que se pueda derivar de problemas t\u00e9cnicos o quiebras en los equipos inform\u00e1ticos, no imputables a nuestra Sociedad, que se produzcan durante la conexi\u00f3n en la red de Internet, as\u00ed como de da\u00f1os que pudieran ser causados por terceras personas mediante intromisiones ileg\u00edtimas fuera del control de Industrial Lab R. Reig. Tambi\u00e9n quedamos exonerados de toda responsabilidad ante posibles da\u00f1os o perjuicios que pueda sufrir el usuario como consecuencia de errores, defectos u omisiones en la informaci\u00f3n que facilitamos cuando proceda de fuentes ajenas a nosotros.<\/p>\n<h4 style=\"color: #6fb6b0; padding-bottom: 20px; padding-top: 20px;\">6.Uso de cookies<\/h4>\n<p>Esta p\u00e1gina web puede utilizar cookies. El usuario tiene la posibilidad de impedir la generaci\u00f3n de cookies, marcando la correspondiente opci\u00f3n de men\u00fa en su programa de navegaci\u00f3n aunque si opta para desactivar el uso de las cookies es posible que se vea afectado el funcionamiento de esta p\u00e1gina web.<\/p>\n<p>Las cookies utilizadas por el sitio web no proporcionan por s\u00ed mismos datos personales sobre los usuarios.<\/p>\n<p>Industrial Lab R. utiliza cookies de Google Analytics para cuantificar el n\u00famero de visitantes del sitio web. Estas cookies permiten mesurar y analizar la forma en la cual los usuarios navegan por el Web. Con esta informaci\u00f3n mejoramos continuamente nuestros servicios.<\/p>\n<h4 style=\"color: #6fb6b0; padding-bottom: 20px; padding-top: 20px;\">7.Legislaci\u00f3n y jurisdicci\u00f3n aplicables.<\/h4>\n<p>A todos los efectos, las relaciones con nuestros clientes, que se deriven de la prestaci\u00f3n de los servicios contenidos en nuestro web, est\u00e1n sometidas a la legislaci\u00f3n y la jurisdicci\u00f3n espa\u00f1ola. Los usuarios de nuestro web son conscientes de todo el expuesto y lo aceptan voluntariamente.<\/p>\n<p><a style=\"color: gray;\" href=\"\/politica-de-privacidad\/?lang=es\">Ver Pol\u00edtica de Privacidad<\/a><\/p>\n\t\t\t\t\t\t\t\t<\/div>\n\t\t\t\t<\/div>\n\t\t\t\t\t<\/div>\n\t\t<\/div>\n\t\t\t\t\t<\/div>\n\t\t<\/section>\n\t\t\t\t<\/div>\n\t\t","protected":false},"excerpt":{"rendered":"<p>The Boutique Store For Plants! Everything Is Better With Plants Shop Now High Quality Plants A line about the service you\u2019ve mentioned above. Wide Plant Range A line about the service you\u2019ve mentioned above. Excellent Services A line about the service you\u2019ve mentioned above. Fast Delivery A line about the service you\u2019ve mentioned above. Cactus \u2026<\/p>\n<p class=\"read-more\"> <a class=\"\" href=\"https:\/\/websitedemos.net\/plant-shop-04\/\"> <span class=\"screen-reader-text\">Home<\/span> Read More \u00bb<\/a><\/p>\n","protected":false},"author":1,"featured_media":0,"parent":0,"menu_order":0,"comment_status":"closed","ping_status":"closed","template":"elementor_header_footer","meta":{"site-sidebar-layout":"no-sidebar","site-content-layout":"page-builder","ast-site-content-layout":"","site-content-style":"default","site-sidebar-style":"default","ast-global-header-display":"","ast-banner-title-visibility":"","ast-main-header-display":"","ast-hfb-above-header-display":"","ast-hfb-below-header-display":"","ast-hfb-mobile-header-display":"","site-post-title":"disabled","ast-breadcrumbs-content":"","ast-featured-img":"disabled","footer-sml-layout":"","theme-transparent-header-meta":"enabled","adv-header-id-meta":"","stick-header-meta":"","header-above-stick-meta":"","header-main-stick-meta":"","header-below-stick-meta":"","astra-migrate-meta-layouts":"default","ast-page-background-enabled":"default","ast-page-background-meta":{"desktop":{"background-color":"","background-image":"","background-repeat":"repeat","background-position":"center center","background-size":"auto","background-attachment":"scroll","background-type":"","background-media":"","overlay-type":"","overlay-color":"","overlay-opacity":"","overlay-gradient":""},"tablet":{"background-color":"","background-image":"","background-repeat":"repeat","background-position":"center center","background-size":"auto","background-attachment":"scroll","background-type":"","background-media":"","overlay-type":"","overlay-color":"","overlay-opacity":"","overlay-gradient":""},"mobile":{"background-color":"","background-image":"","background-repeat":"repeat","background-position":"center center","background-size":"auto","background-attachment":"scroll","background-type":"","background-media":"","overlay-type":"","overlay-color":"","overlay-opacity":"","overlay-gradient":""}},"ast-content-background-meta":{"desktop":{"background-color":"var(--ast-global-color-5)","background-image":"","background-repeat":"repeat","background-position":"center center","background-size":"auto","background-attachment":"scroll","background-type":"","background-media":"","overlay-type":"","overlay-color":"","overlay-opacity":"","overlay-gradient":""},"tablet":{"background-color":"var(--ast-global-color-5)","background-image":"","background-repeat":"repeat","background-position":"center center","background-size":"auto","background-attachment":"scroll","background-type":"","background-media":"","overlay-type":"","overlay-color":"","overlay-opacity":"","overlay-gradient":""},"mobile":{"background-color":"var(--ast-global-color-5)","background-image":"","background-repeat":"repeat","background-position":"center center","background-size":"auto","background-attachment":"scroll","background-type":"","background-media":"","overlay-type":"","overlay-color":"","overlay-opacity":"","overlay-gradient":""}},"footnotes":""},"class_list":["post-3006","page","type-page","status-publish","hentry"],"yoast_head":"<!-- This site is optimized with the Yoast SEO plugin v27.4 - https:\/\/yoast.com\/product\/yoast-seo-wordpress\/ -->\n<title>Aviso legal - An\u00e0lisis Reig<\/title>\n<meta name=\"robots\" content=\"index, follow, max-snippet:-1, max-image-preview:large, max-video-preview:-1\" \/>\n<link rel=\"canonical\" href=\"https:\/\/analisisreig.cat\/es\/aviso-legal\/\" \/>\n<meta property=\"og:locale\" content=\"es_ES\" \/>\n<meta property=\"og:type\" content=\"article\" \/>\n<meta property=\"og:title\" content=\"Aviso legal - An\u00e0lisis Reig\" \/>\n<meta property=\"og:description\" content=\"The Boutique Store For Plants! Everything Is Better With Plants Shop Now High Quality Plants A line about the service you\u2019ve mentioned above. Wide Plant Range A line about the service you\u2019ve mentioned above. Excellent Services A line about the service you\u2019ve mentioned above. Fast Delivery A line about the service you\u2019ve mentioned above. Cactus \u2026  Home Read More \u00bb\" \/>\n<meta property=\"og:url\" content=\"https:\/\/analisisreig.cat\/es\/aviso-legal\/\" \/>\n<meta property=\"og:site_name\" content=\"An\u00e0lisis Reig\" \/>\n<meta property=\"article:modified_time\" content=\"2021-07-21T10:19:23+00:00\" \/>\n<meta name=\"twitter:card\" content=\"summary_large_image\" \/>\n<meta name=\"twitter:label1\" content=\"Tiempo de lectura\" \/>\n\t<meta name=\"twitter:data1\" content=\"3 minutos\" \/>\n<script type=\"application\/ld+json\" class=\"yoast-schema-graph\">{\"@context\":\"https:\\\/\\\/schema.org\",\"@graph\":[{\"@type\":\"WebPage\",\"@id\":\"https:\\\/\\\/analisisreig.cat\\\/es\\\/aviso-legal\\\/\",\"url\":\"https:\\\/\\\/analisisreig.cat\\\/es\\\/aviso-legal\\\/\",\"name\":\"Aviso legal - An\u00e0lisis Reig\",\"isPartOf\":{\"@id\":\"https:\\\/\\\/analisisreig.cat\\\/#website\"},\"datePublished\":\"2021-07-21T10:16:48+00:00\",\"dateModified\":\"2021-07-21T10:19:23+00:00\",\"breadcrumb\":{\"@id\":\"https:\\\/\\\/analisisreig.cat\\\/es\\\/aviso-legal\\\/#breadcrumb\"},\"inLanguage\":\"es\",\"potentialAction\":[{\"@type\":\"ReadAction\",\"target\":[\"https:\\\/\\\/analisisreig.cat\\\/es\\\/aviso-legal\\\/\"]}]},{\"@type\":\"BreadcrumbList\",\"@id\":\"https:\\\/\\\/analisisreig.cat\\\/es\\\/aviso-legal\\\/#breadcrumb\",\"itemListElement\":[{\"@type\":\"ListItem\",\"position\":1,\"name\":\"Portada\",\"item\":\"https:\\\/\\\/analisisreig.cat\\\/es\\\/\"},{\"@type\":\"ListItem\",\"position\":2,\"name\":\"Aviso legal\"}]},{\"@type\":\"WebSite\",\"@id\":\"https:\\\/\\\/analisisreig.cat\\\/#website\",\"url\":\"https:\\\/\\\/analisisreig.cat\\\/\",\"name\":\"An\u00e0lisis Reig\",\"description\":\"An\u00e0lisis Reig\",\"potentialAction\":[{\"@type\":\"SearchAction\",\"target\":{\"@type\":\"EntryPoint\",\"urlTemplate\":\"https:\\\/\\\/analisisreig.cat\\\/?s={search_term_string}\"},\"query-input\":{\"@type\":\"PropertyValueSpecification\",\"valueRequired\":true,\"valueName\":\"search_term_string\"}}],\"inLanguage\":\"es\"}]}<\/script>\n<!-- \/ Yoast SEO plugin. -->","yoast_head_json":{"title":"Aviso legal - An\u00e0lisis Reig","robots":{"index":"index","follow":"follow","max-snippet":"max-snippet:-1","max-image-preview":"max-image-preview:large","max-video-preview":"max-video-preview:-1"},"canonical":"https:\/\/analisisreig.cat\/es\/aviso-legal\/","og_locale":"es_ES","og_type":"article","og_title":"Aviso legal - An\u00e0lisis Reig","og_description":"The Boutique Store For Plants! Everything Is Better With Plants Shop Now High Quality Plants A line about the service you\u2019ve mentioned above. Wide Plant Range A line about the service you\u2019ve mentioned above. Excellent Services A line about the service you\u2019ve mentioned above. Fast Delivery A line about the service you\u2019ve mentioned above. Cactus \u2026  Home Read More \u00bb","og_url":"https:\/\/analisisreig.cat\/es\/aviso-legal\/","og_site_name":"An\u00e0lisis Reig","article_modified_time":"2021-07-21T10:19:23+00:00","twitter_card":"summary_large_image","twitter_misc":{"Tiempo de lectura":"3 minutos"},"schema":{"@context":"https:\/\/schema.org","@graph":[{"@type":"WebPage","@id":"https:\/\/analisisreig.cat\/es\/aviso-legal\/","url":"https:\/\/analisisreig.cat\/es\/aviso-legal\/","name":"Aviso legal - An\u00e0lisis Reig","isPartOf":{"@id":"https:\/\/analisisreig.cat\/#website"},"datePublished":"2021-07-21T10:16:48+00:00","dateModified":"2021-07-21T10:19:23+00:00","breadcrumb":{"@id":"https:\/\/analisisreig.cat\/es\/aviso-legal\/#breadcrumb"},"inLanguage":"es","potentialAction":[{"@type":"ReadAction","target":["https:\/\/analisisreig.cat\/es\/aviso-legal\/"]}]},{"@type":"BreadcrumbList","@id":"https:\/\/analisisreig.cat\/es\/aviso-legal\/#breadcrumb","itemListElement":[{"@type":"ListItem","position":1,"name":"Portada","item":"https:\/\/analisisreig.cat\/es\/"},{"@type":"ListItem","position":2,"name":"Aviso legal"}]},{"@type":"WebSite","@id":"https:\/\/analisisreig.cat\/#website","url":"https:\/\/analisisreig.cat\/","name":"An\u00e0lisis Reig","description":"An\u00e0lisis Reig","potentialAction":[{"@type":"SearchAction","target":{"@type":"EntryPoint","urlTemplate":"https:\/\/analisisreig.cat\/?s={search_term_string}"},"query-input":{"@type":"PropertyValueSpecification","valueRequired":true,"valueName":"search_term_string"}}],"inLanguage":"es"}]}},"_links":{"self":[{"href":"https:\/\/analisisreig.cat\/es\/wp-json\/wp\/v2\/pages\/3006","targetHints":{"allow":["GET"]}}],"collection":[{"href":"https:\/\/analisisreig.cat\/es\/wp-json\/wp\/v2\/pages"}],"about":[{"href":"https:\/\/analisisreig.cat\/es\/wp-json\/wp\/v2\/types\/page"}],"author":[{"embeddable":true,"href":"https:\/\/analisisreig.cat\/es\/wp-json\/wp\/v2\/users\/1"}],"replies":[{"embeddable":true,"href":"https:\/\/analisisreig.cat\/es\/wp-json\/wp\/v2\/comments?post=3006"}],"version-history":[{"count":5,"href":"https:\/\/analisisreig.cat\/es\/wp-json\/wp\/v2\/pages\/3006\/revisions"}],"predecessor-version":[{"id":3014,"href":"https:\/\/analisisreig.cat\/es\/wp-json\/wp\/v2\/pages\/3006\/revisions\/3014"}],"wp:attachment":[{"href":"https:\/\/analisisreig.cat\/es\/wp-json\/wp\/v2\/media?parent=3006"}],"curies":[{"name":"wp","href":"https:\/\/api.w.org\/{rel}","templated":true}]}}