{"id":3022,"date":"2021-07-21T10:25:16","date_gmt":"2021-07-21T10:25:16","guid":{"rendered":"http:\/\/analisisreig.creacomtest.com\/?page_id=3022"},"modified":"2021-07-21T10:25:18","modified_gmt":"2021-07-21T10:25:18","slug":"politica-de-privacidad","status":"publish","type":"page","link":"https:\/\/analisisreig.cat\/es\/politica-de-privacidad\/","title":{"rendered":"Pol\u00edtica de Privacidad"},"content":{"rendered":"\t\t<div data-elementor-type=\"wp-post\" data-elementor-id=\"3022\" class=\"elementor elementor-3022 elementor-938\">\n\t\t\t\t\t\t<section class=\"elementor-section elementor-top-section elementor-element elementor-element-f497148 elementor-section-boxed elementor-section-height-default elementor-section-height-default\" data-id=\"f497148\" data-element_type=\"section\" data-e-type=\"section\" data-settings=\"{&quot;background_background&quot;:&quot;classic&quot;}\">\n\t\t\t\t\t\t\t<div class=\"elementor-background-overlay\"><\/div>\n\t\t\t\t\t\t\t<div class=\"elementor-container elementor-column-gap-no\">\n\t\t\t\t\t<div class=\"elementor-column elementor-col-100 elementor-top-column elementor-element elementor-element-8612597\" data-id=\"8612597\" data-element_type=\"column\" data-e-type=\"column\">\n\t\t\t<div class=\"elementor-widget-wrap elementor-element-populated\">\n\t\t\t\t\t\t<div class=\"elementor-element elementor-element-628af93 elementor-widget elementor-widget-heading\" data-id=\"628af93\" data-element_type=\"widget\" data-e-type=\"widget\" data-widget_type=\"heading.default\">\n\t\t\t\t<div class=\"elementor-widget-container\">\n\t\t\t\t\t<h1 class=\"elementor-heading-title elementor-size-default\">Pol\u00edtica de Privacidad<\/h1>\t\t\t\t<\/div>\n\t\t\t\t<\/div>\n\t\t\t\t\t<\/div>\n\t\t<\/div>\n\t\t\t\t\t<\/div>\n\t\t<\/section>\n\t\t\t\t<section class=\"elementor-section elementor-top-section elementor-element elementor-element-2baf28b elementor-section-content-middle elementor-section-boxed elementor-section-height-default elementor-section-height-default\" data-id=\"2baf28b\" data-element_type=\"section\" data-e-type=\"section\" data-settings=\"{&quot;background_background&quot;:&quot;classic&quot;}\">\n\t\t\t\t\t\t<div class=\"elementor-container elementor-column-gap-no\">\n\t\t\t\t\t<div class=\"elementor-column elementor-col-100 elementor-top-column elementor-element elementor-element-08cfbe1\" data-id=\"08cfbe1\" data-element_type=\"column\" data-e-type=\"column\">\n\t\t\t<div class=\"elementor-widget-wrap elementor-element-populated\">\n\t\t\t\t\t\t<div class=\"elementor-element elementor-element-0c7f7f5 elementor-widget elementor-widget-text-editor\" data-id=\"0c7f7f5\" data-element_type=\"widget\" data-e-type=\"widget\" data-widget_type=\"text-editor.default\">\n\t\t\t\t<div class=\"elementor-widget-container\">\n\t\t\t\t\t\t\t\t\t<h4 style=\"color: #6fb6b0; padding-bottom: 20px;\">1.Regulaciones legales.<\/h4>\n<p>RGPD (Reglamento (UE) 2016\/679 del Parlamento Europeo y del Consejo de 27 de abril de 2016 relativo a la protecci\u00f3n de las personas f\u00edsicas.<\/p>\n<p>LOPD (Ley Org\u00e1nica 15\/1999, de 13 de diciembre, de Protecci\u00f3n de Datos de Car\u00e1cter Personal y Real Decreto 1720\/2007, de 21 de diciembre, conocido como el Reglamento de desarrollo de la *LOPD)<\/p>\n<h4 style=\"color: #6fb6b0; padding-bottom: 20px; padding-top: 20px;\">2.Env\u00edo y registro de datos de car\u00e1cter personal.<\/h4>\n<p>A efectos del previsto en la Ley Org\u00e1nica 15\/1999, de 13 de diciembre, de Protecci\u00f3n de Datos de Car\u00e1cter Personal, Industrial Lab. R.Reig, con NIF: B64083306, informa el Usuario de qu\u00e9 es titular de un fichero de datos de car\u00e1cter personal inscrito ante el R.G.P.D. (Registro General de Protecci\u00f3n de Datos), en los que sus datos quedan incorporadas y son tratados para prestarte los servicios solicitados y enviarte la informaci\u00f3n sobre servicios y productos que puedan ser de tu inter\u00e9s.<\/p>\n<p>El env\u00edo de datos de car\u00e1cter personal es obligatoria para contactar y realizar operaciones comerciales con Industrial Lab. R.Reig. As\u00ed mismo, el no facilitar los datos personales solicitados o el no aceptar la presente pol\u00edtica de protecci\u00f3n de datos supone la imposibilidad de procesar las solicitudes realizadas en este web.<\/p>\n<h4 style=\"color: #6fb6b0; padding-bottom: 20px; padding-top: 20px;\">3.Informaci\u00f3n personal que recoge esta web.<\/h4>\n<p>Cuando un usuario se conecta con este web al enviar un correo al titular, realitzan alguna contrataci\u00f3n de servicios o formaci\u00f3n, est\u00e1 facilitando informaci\u00f3n de car\u00e1cter personal de la que es responsable Industrial Lab. R.Reig.<\/p>\n<p>Esta informaci\u00f3n puede incluir tu direcci\u00f3n, nombre, direcci\u00f3n f\u00edsica, direcci\u00f3n de correo electr\u00f3nico, n\u00famero de tel\u00e9fono y otra informaci\u00f3n demogr\u00e1fica. Al facilitar esta informaci\u00f3n, el usuario da su consentimiento porque su informaci\u00f3n sea recopilada, utilizada, gestionada, y almacenado por Industrial Lab. R.Reig, solo como se describe en el Aviso Legal y la presente Pol\u00edtica de Privacidad.<\/p>\n<h4 style=\"color: #6fb6b0; padding-bottom: 20px; padding-top: 20px;\">4.Servicios de terceros que utiliza este web.<\/h4>\n<p>Proveedor de e-mail Marketing: Mailchimp.<br \/>Los usuarios podr\u00e1n darse de baja en cualquier momento de los servicios prestados por Industrial Lab. R.Reig la misma Newsletter.<br \/>Google Analytics.<\/p>\n<p>En cumplimiento de la normativa vigente sobre protecci\u00f3n de datos de car\u00e1cter personal, tanto al subscribirse a este web como al enviar un mensaje mediante el formulario, el usuario consiente:<\/p>\n<ol>\n<li style=\"list-style-type: none;\">\n<ol>\n<li> El tratamiento de sus datos personales en conformidad con sus pol\u00edticas de privacidad.<\/li>\n<li>El acceso de Industrial Lab. R.Reig a los datos que necesite el usuario aportar bien para la suscripci\u00f3n a la newsletter o bien para realizar y\/o recibir mensajes en el formulario de contacto.<\/li>\n<\/ol>\n<\/li>\n<\/ol>\n<p>En correspondencia con el establecido en la Ley Org\u00e1nica 15\/1999, de 13 de diciembre, de Protecci\u00f3n de Datos de Car\u00e1cter Personal, los datos personales que el usuario env\u00ede mediante este web ser\u00e1n incorporados a un Fichero de USUARIOS DEL WEB titularidad de Industrial Lab. R.Reig con domicilio a Garcilaso 4 08201 Sabadell. Estos ficheros tienen implementadas todas las medidas t\u00e9cnicas y organizativas de seguridad establecidas en el Real Decreto 1720\/2007, de desarrollo de la LOPD.<\/p>\n<p>Industrial Lab. R.Reig no vende, alquila ni cede datos de car\u00e1cter personal que puedan identificar el usuario, ni lo har\u00e1 en el futuro, a terceros sin el consentimiento previo. Siempre se realizar\u00e1 con los m\u00e1s estrictos est\u00e1ndares de seguridad.<\/p>\n<h4 style=\"color: #6fb6b0; padding-bottom: 20px; padding-top: 20px;\">5.Exactitud y veracidad de los datos.<\/h4>\n<p>El usuario es el \u00fanico responsable de la veracidad y correcci\u00f3n de los datos que remita *analisisreig.cat exonerando al Prestamista de cualquier responsabilidad sobre esto. Los usuarios garantizan y responden, en cualquier caso, de la exactitud, vigencia y autenticidad de los datos personales facilitados, y se comprometen a mantenerlos debidamente actualizados. El usuario acepta proporcionar informaci\u00f3n completa y correcta en el formulario de contacto o suscripci\u00f3n.<\/p>\n<h4 style=\"color: #6fb6b0; padding-bottom: 20px; padding-top: 20px;\">6.Ejercicio de los derechos de acceso, rectificaci\u00f3n, cancelaci\u00f3n u oposici\u00f3n.<\/h4>\n<p>Los derechos de los Usuarios son los siguientes:<\/p>\n<p>Derecho a preguntar qu\u00e9 datos personales vamos a almacenar sobre el Usuario en cualquier momento.<\/p>\n<p>Derecho a pedirnos que actualicemos o corregimos de forma gratuita datos incorrectos o desfasados que almacenemos sobre el Usuario.<\/p>\n<p>Derecho a darse de baja de cualquier comunicaci\u00f3n de marketing que podamos enviarle al Usuario.<\/p>\n<p>El usuario podr\u00e1 dirigir sus comunicaciones y ejercitar los derechos de acceso, rectificaci\u00f3n, cancelaci\u00f3n y oposici\u00f3n mediante correo postal a Garcilaso 4 08201 Sabadell, o al correo electr\u00f3nico: info@analisisreig.cat junto con prueba v\u00e1lida en derecho, como fotocopia del D.N.I. o equivaliendo, indicando en el asunto \u00abPROTECCI\u00d3N DE DATOS\u00bb.<\/p>\n<h4 style=\"color: #6fb6b0; padding-bottom: 20px; padding-top: 20px;\">7.Aceptaci\u00f3n y consentimiento.<\/h4>\n<p>El Usuario declara haber sido informado de las condiciones sobre protecci\u00f3n de datos de car\u00e1cter personal, aceptando y consintiendo su tratamiento por parte de Industrial Lab. R.Reig en la forma y para las finalidades indicadas en el aviso legal.<\/p>\n<h4 style=\"color: #6fb6b0; padding-bottom: 20px; padding-top: 20px;\">8.Cambios en la presente pol\u00edtica de privacidad.<\/h4>\n<p>Industrial Lab. R.Reig se reserva el derecho a modificar la presente pol\u00edtica para adaptarla a novedades legislativas o jurisprudenciales as\u00ed como a pr\u00e1cticas de la industria. En los mencionados supuestos, el Prestamista anunciar\u00e1 en esta p\u00e1gina los cambios introducidos con razonable antelaci\u00f3n a su puesta en pr\u00e1ctica.<\/p>\n<p><a style=\"color: gray;\" href=\"https:\/\/analisisreig.cat\/aviso-legal\/?lang=es\">Ver Aviso Legal<\/a><\/p>\n\t\t\t\t\t\t\t\t<\/div>\n\t\t\t\t<\/div>\n\t\t\t\t\t<\/div>\n\t\t<\/div>\n\t\t\t\t\t<\/div>\n\t\t<\/section>\n\t\t\t\t<\/div>\n\t\t","protected":false},"excerpt":{"rendered":"<p>The Boutique Store For Plants! Everything Is Better With Plants Shop Now High Quality Plants A line about the service you&#8217;ve mentioned above. Wide Plant Range A line about the service you&#8217;ve mentioned above. Excellent Services A line about the service you&#8217;ve mentioned above. Fast Delivery A line about the service you&#8217;ve mentioned above. Cactus &hellip;<\/p>\n<p class=\"read-more\"> <a class=\"\" href=\"https:\/\/websitedemos.net\/plant-shop-04\/\"> <span class=\"screen-reader-text\">Home<\/span> Read More &raquo;<\/a><\/p>\n","protected":false},"author":1,"featured_media":0,"parent":0,"menu_order":0,"comment_status":"closed","ping_status":"closed","template":"elementor_header_footer","meta":{"site-sidebar-layout":"no-sidebar","site-content-layout":"page-builder","ast-site-content-layout":"","site-content-style":"default","site-sidebar-style":"default","ast-global-header-display":"","ast-banner-title-visibility":"","ast-main-header-display":"","ast-hfb-above-header-display":"","ast-hfb-below-header-display":"","ast-hfb-mobile-header-display":"","site-post-title":"disabled","ast-breadcrumbs-content":"","ast-featured-img":"disabled","footer-sml-layout":"","theme-transparent-header-meta":"enabled","adv-header-id-meta":"","stick-header-meta":"","header-above-stick-meta":"","header-main-stick-meta":"","header-below-stick-meta":"","astra-migrate-meta-layouts":"default","ast-page-background-enabled":"default","ast-page-background-meta":{"desktop":{"background-color":"","background-image":"","background-repeat":"repeat","background-position":"center center","background-size":"auto","background-attachment":"scroll","background-type":"","background-media":"","overlay-type":"","overlay-color":"","overlay-opacity":"","overlay-gradient":""},"tablet":{"background-color":"","background-image":"","background-repeat":"repeat","background-position":"center center","background-size":"auto","background-attachment":"scroll","background-type":"","background-media":"","overlay-type":"","overlay-color":"","overlay-opacity":"","overlay-gradient":""},"mobile":{"background-color":"","background-image":"","background-repeat":"repeat","background-position":"center center","background-size":"auto","background-attachment":"scroll","background-type":"","background-media":"","overlay-type":"","overlay-color":"","overlay-opacity":"","overlay-gradient":""}},"ast-content-background-meta":{"desktop":{"background-color":"var(--ast-global-color-5)","background-image":"","background-repeat":"repeat","background-position":"center center","background-size":"auto","background-attachment":"scroll","background-type":"","background-media":"","overlay-type":"","overlay-color":"","overlay-opacity":"","overlay-gradient":""},"tablet":{"background-color":"var(--ast-global-color-5)","background-image":"","background-repeat":"repeat","background-position":"center center","background-size":"auto","background-attachment":"scroll","background-type":"","background-media":"","overlay-type":"","overlay-color":"","overlay-opacity":"","overlay-gradient":""},"mobile":{"background-color":"var(--ast-global-color-5)","background-image":"","background-repeat":"repeat","background-position":"center center","background-size":"auto","background-attachment":"scroll","background-type":"","background-media":"","overlay-type":"","overlay-color":"","overlay-opacity":"","overlay-gradient":""}},"footnotes":""},"class_list":["post-3022","page","type-page","status-publish","hentry"],"yoast_head":"<!-- This site is optimized with the Yoast SEO plugin v27.4 - https:\/\/yoast.com\/product\/yoast-seo-wordpress\/ -->\n<title>Pol\u00edtica de Privacidad - An\u00e0lisis Reig<\/title>\n<meta name=\"robots\" content=\"index, follow, max-snippet:-1, max-image-preview:large, max-video-preview:-1\" \/>\n<link rel=\"canonical\" href=\"https:\/\/analisisreig.cat\/es\/politica-de-privacidad\/\" \/>\n<meta property=\"og:locale\" content=\"es_ES\" \/>\n<meta property=\"og:type\" content=\"article\" \/>\n<meta property=\"og:title\" content=\"Pol\u00edtica de Privacidad - An\u00e0lisis Reig\" \/>\n<meta property=\"og:description\" content=\"The Boutique Store For Plants! Everything Is Better With Plants Shop Now High Quality Plants A line about the service you&#8217;ve mentioned above. Wide Plant Range A line about the service you&#8217;ve mentioned above. Excellent Services A line about the service you&#8217;ve mentioned above. Fast Delivery A line about the service you&#8217;ve mentioned above. Cactus &hellip;  Home Read More &raquo;\" \/>\n<meta property=\"og:url\" content=\"https:\/\/analisisreig.cat\/es\/politica-de-privacidad\/\" \/>\n<meta property=\"og:site_name\" content=\"An\u00e0lisis Reig\" \/>\n<meta property=\"article:modified_time\" content=\"2021-07-21T10:25:18+00:00\" \/>\n<meta name=\"twitter:card\" content=\"summary_large_image\" \/>\n<meta name=\"twitter:label1\" content=\"Tiempo de lectura\" \/>\n\t<meta name=\"twitter:data1\" content=\"4 minutos\" \/>\n<script type=\"application\/ld+json\" class=\"yoast-schema-graph\">{\"@context\":\"https:\\\/\\\/schema.org\",\"@graph\":[{\"@type\":\"WebPage\",\"@id\":\"https:\\\/\\\/analisisreig.cat\\\/es\\\/politica-de-privacidad\\\/\",\"url\":\"https:\\\/\\\/analisisreig.cat\\\/es\\\/politica-de-privacidad\\\/\",\"name\":\"Pol\u00edtica de Privacidad - An\u00e0lisis Reig\",\"isPartOf\":{\"@id\":\"https:\\\/\\\/analisisreig.cat\\\/#website\"},\"datePublished\":\"2021-07-21T10:25:16+00:00\",\"dateModified\":\"2021-07-21T10:25:18+00:00\",\"breadcrumb\":{\"@id\":\"https:\\\/\\\/analisisreig.cat\\\/es\\\/politica-de-privacidad\\\/#breadcrumb\"},\"inLanguage\":\"es\",\"potentialAction\":[{\"@type\":\"ReadAction\",\"target\":[\"https:\\\/\\\/analisisreig.cat\\\/es\\\/politica-de-privacidad\\\/\"]}]},{\"@type\":\"BreadcrumbList\",\"@id\":\"https:\\\/\\\/analisisreig.cat\\\/es\\\/politica-de-privacidad\\\/#breadcrumb\",\"itemListElement\":[{\"@type\":\"ListItem\",\"position\":1,\"name\":\"Portada\",\"item\":\"https:\\\/\\\/analisisreig.cat\\\/es\\\/\"},{\"@type\":\"ListItem\",\"position\":2,\"name\":\"Pol\u00edtica de Privacidad\"}]},{\"@type\":\"WebSite\",\"@id\":\"https:\\\/\\\/analisisreig.cat\\\/#website\",\"url\":\"https:\\\/\\\/analisisreig.cat\\\/\",\"name\":\"An\u00e0lisis Reig\",\"description\":\"An\u00e0lisis Reig\",\"potentialAction\":[{\"@type\":\"SearchAction\",\"target\":{\"@type\":\"EntryPoint\",\"urlTemplate\":\"https:\\\/\\\/analisisreig.cat\\\/?s={search_term_string}\"},\"query-input\":{\"@type\":\"PropertyValueSpecification\",\"valueRequired\":true,\"valueName\":\"search_term_string\"}}],\"inLanguage\":\"es\"}]}<\/script>\n<!-- \/ Yoast SEO plugin. -->","yoast_head_json":{"title":"Pol\u00edtica de Privacidad - An\u00e0lisis Reig","robots":{"index":"index","follow":"follow","max-snippet":"max-snippet:-1","max-image-preview":"max-image-preview:large","max-video-preview":"max-video-preview:-1"},"canonical":"https:\/\/analisisreig.cat\/es\/politica-de-privacidad\/","og_locale":"es_ES","og_type":"article","og_title":"Pol\u00edtica de Privacidad - An\u00e0lisis Reig","og_description":"The Boutique Store For Plants! Everything Is Better With Plants Shop Now High Quality Plants A line about the service you&#8217;ve mentioned above. Wide Plant Range A line about the service you&#8217;ve mentioned above. Excellent Services A line about the service you&#8217;ve mentioned above. Fast Delivery A line about the service you&#8217;ve mentioned above. Cactus &hellip;  Home Read More &raquo;","og_url":"https:\/\/analisisreig.cat\/es\/politica-de-privacidad\/","og_site_name":"An\u00e0lisis Reig","article_modified_time":"2021-07-21T10:25:18+00:00","twitter_card":"summary_large_image","twitter_misc":{"Tiempo de lectura":"4 minutos"},"schema":{"@context":"https:\/\/schema.org","@graph":[{"@type":"WebPage","@id":"https:\/\/analisisreig.cat\/es\/politica-de-privacidad\/","url":"https:\/\/analisisreig.cat\/es\/politica-de-privacidad\/","name":"Pol\u00edtica de Privacidad - An\u00e0lisis Reig","isPartOf":{"@id":"https:\/\/analisisreig.cat\/#website"},"datePublished":"2021-07-21T10:25:16+00:00","dateModified":"2021-07-21T10:25:18+00:00","breadcrumb":{"@id":"https:\/\/analisisreig.cat\/es\/politica-de-privacidad\/#breadcrumb"},"inLanguage":"es","potentialAction":[{"@type":"ReadAction","target":["https:\/\/analisisreig.cat\/es\/politica-de-privacidad\/"]}]},{"@type":"BreadcrumbList","@id":"https:\/\/analisisreig.cat\/es\/politica-de-privacidad\/#breadcrumb","itemListElement":[{"@type":"ListItem","position":1,"name":"Portada","item":"https:\/\/analisisreig.cat\/es\/"},{"@type":"ListItem","position":2,"name":"Pol\u00edtica de Privacidad"}]},{"@type":"WebSite","@id":"https:\/\/analisisreig.cat\/#website","url":"https:\/\/analisisreig.cat\/","name":"An\u00e0lisis Reig","description":"An\u00e0lisis Reig","potentialAction":[{"@type":"SearchAction","target":{"@type":"EntryPoint","urlTemplate":"https:\/\/analisisreig.cat\/?s={search_term_string}"},"query-input":{"@type":"PropertyValueSpecification","valueRequired":true,"valueName":"search_term_string"}}],"inLanguage":"es"}]}},"_links":{"self":[{"href":"https:\/\/analisisreig.cat\/es\/wp-json\/wp\/v2\/pages\/3022","targetHints":{"allow":["GET"]}}],"collection":[{"href":"https:\/\/analisisreig.cat\/es\/wp-json\/wp\/v2\/pages"}],"about":[{"href":"https:\/\/analisisreig.cat\/es\/wp-json\/wp\/v2\/types\/page"}],"author":[{"embeddable":true,"href":"https:\/\/analisisreig.cat\/es\/wp-json\/wp\/v2\/users\/1"}],"replies":[{"embeddable":true,"href":"https:\/\/analisisreig.cat\/es\/wp-json\/wp\/v2\/comments?post=3022"}],"version-history":[{"count":3,"href":"https:\/\/analisisreig.cat\/es\/wp-json\/wp\/v2\/pages\/3022\/revisions"}],"predecessor-version":[{"id":3028,"href":"https:\/\/analisisreig.cat\/es\/wp-json\/wp\/v2\/pages\/3022\/revisions\/3028"}],"wp:attachment":[{"href":"https:\/\/analisisreig.cat\/es\/wp-json\/wp\/v2\/media?parent=3022"}],"curies":[{"name":"wp","href":"https:\/\/api.w.org\/{rel}","templated":true}]}}