{"id":3070,"date":"2021-07-21T11:24:06","date_gmt":"2021-07-21T11:24:06","guid":{"rendered":"http:\/\/analisisreig.creacomtest.com\/?page_id=3070"},"modified":"2021-07-22T06:36:51","modified_gmt":"2021-07-22T06:36:51","slug":"politica-de-cookies","status":"publish","type":"page","link":"https:\/\/analisisreig.cat\/es\/politica-de-cookies\/","title":{"rendered":"Pol\u00edtica de Cookies"},"content":{"rendered":"\t\t<div data-elementor-type=\"wp-post\" data-elementor-id=\"3070\" class=\"elementor elementor-3070 elementor-1036\">\n\t\t\t\t\t\t<section class=\"elementor-section elementor-top-section elementor-element elementor-element-f497148 elementor-section-boxed elementor-section-height-default elementor-section-height-default\" data-id=\"f497148\" data-element_type=\"section\" data-e-type=\"section\" data-settings=\"{&quot;background_background&quot;:&quot;classic&quot;}\">\n\t\t\t\t\t\t\t<div class=\"elementor-background-overlay\"><\/div>\n\t\t\t\t\t\t\t<div class=\"elementor-container elementor-column-gap-no\">\n\t\t\t\t\t<div class=\"elementor-column elementor-col-100 elementor-top-column elementor-element elementor-element-8612597\" data-id=\"8612597\" data-element_type=\"column\" data-e-type=\"column\">\n\t\t\t<div class=\"elementor-widget-wrap elementor-element-populated\">\n\t\t\t\t\t\t<div class=\"elementor-element elementor-element-628af93 elementor-widget elementor-widget-heading\" data-id=\"628af93\" data-element_type=\"widget\" data-e-type=\"widget\" data-widget_type=\"heading.default\">\n\t\t\t\t<div class=\"elementor-widget-container\">\n\t\t\t\t\t<h1 class=\"elementor-heading-title elementor-size-default\">Pol\u00edtica de Cookies<\/h1>\t\t\t\t<\/div>\n\t\t\t\t<\/div>\n\t\t\t\t\t<\/div>\n\t\t<\/div>\n\t\t\t\t\t<\/div>\n\t\t<\/section>\n\t\t\t\t<section class=\"elementor-section elementor-top-section elementor-element elementor-element-1f05099 elementor-section-boxed elementor-section-height-default elementor-section-height-default\" data-id=\"1f05099\" data-element_type=\"section\" data-e-type=\"section\">\n\t\t\t\t\t\t<div class=\"elementor-container elementor-column-gap-default\">\n\t\t\t\t\t<div class=\"elementor-column elementor-col-100 elementor-top-column elementor-element elementor-element-c0d6755\" data-id=\"c0d6755\" data-element_type=\"column\" data-e-type=\"column\">\n\t\t\t<div class=\"elementor-widget-wrap elementor-element-populated\">\n\t\t\t\t\t\t<div class=\"elementor-element elementor-element-5499454 elementor-widget elementor-widget-text-editor\" data-id=\"5499454\" data-element_type=\"widget\" data-e-type=\"widget\" data-widget_type=\"text-editor.default\">\n\t\t\t\t<div class=\"elementor-widget-container\">\n\t\t\t\t\t\t\t\t\t<div class=\"cli_pg_page_contaner\"><h3 style=\"color: #6fb6b0; padding-bottom: 20px; padding-top: 20px;\">Sobre esta pol\u00edtica de cookies.<\/h3><div>Esta pol\u00edtica de cookies explica qu\u00e9 son las cookies y como las usamos. Se tiene que leer esta pol\u00edtica para enteder qu\u00e9 son las cookies, como se usan, los tipos de cookies que usamos, es decir, la informaci\u00f3n que recopilamos a partir de cookies, como se usa esta informci\u00f3n y como controlar las prefer\u00e9ncias\u00a0 de cookies. Para obtener m\u00e1s informaci\u00f3n sobre como usamos, guardamos y mantenemos seguros vuestros datos personales, consulta nuestra Pol\u00edtica de Privacidad. En cualquier momento, pod\u00e9is cambiar o retirar vuestro consentimento de la Declaraci\u00f3n de cookies de nuestro sitio\u00a0 web. Obt\u00e9n m\u00e1s informaci\u00f3n sobre qui\u00e9nes somos, como pod\u00e9is contactar con nosotros y como procesaremos vuestros datos personales a nuestra Pol\u00edtica de Privacidad. Vuestro consentimiento se aplica a los dominios siguientes: analisisreig.creacomtest.com<div class=\"cli_user_consent_state\">Tu estado actual: No se ha dado el consentimiento. <a class=\"cli_manage_current_consent\" style=\"cursor:pointer;text-decoration:underline;\">Gestiona tu consentimiento.<\/a> <\/div><\/div><h3 style=\"color: #6fb6b0; padding-bottom: 20px; padding-top: 20px;\">Qu\u00e9 son les cookies?<\/h3><div>Les cookies son peque\u00f1os ficheros de texto que se usan para guardar peque\u00f1os datos. Las cookies se guardan al dispositivo cuando se carga el sitio web al navegador. Estas cookies nos ayudan a hacer que el sitio web funcione correctamente, hace que el sitio web sea m\u00e1s seguro, proporciona una mejor experi\u00e9ncia de usuario y a entender el funcionamento del sitio web y a analizar qu\u00e9 funciona y donde necesita una mejora.<\/div><h3 style=\"color: #6fb6b0; padding-bottom: 20px; padding-top: 20px;\">Como utilizamos las cookies?<\/h3><div>Como la mayor\u00eda de los servicios en l\u00ednea, nuestro sitio web utiliza cookies propias y de terceros para varios prop\u00f3sitos. Las cookies propias son b\u00e1sicamente necesarias para que el sitio web funcione correctamente y no recopilan ninguna de sus datos de identificaci\u00f3n personal.La cookies de terceros que utilizan nuestros sitios web utilizan principalmente para entender el funcionamiento del sitio web, como interact\u00fae con nuestro sitio web, mantener seguros a nuestros servicios, proporcionar anuncios que sean relevantes para vosotros y, en definitiva, proporcionarle una mejor y mejor experiencia de usuario y ayuda a acelerar las interacciones futuras con nuestro sitio web.<\/div><h3 style=\"color: #6fb6b0; padding-bottom: 20px; padding-top: 20px;\">\u00bfQu\u00e9 tipos de cookies utilizamos?<\/h3><div>Las cookies que se utilizan en nuestro sitio web se agrupan en las siguientes categor\u00edas. [cookie_category] En la lista siguiente se detallan las cookies utilizadas en nuestro sitio web.[cookie_audit_category columns=\u00bbcookie,description\u00bb]<\/div><h3 style=\"color: #6fb6b0; padding-bottom: 20px; padding-top: 20px;\">\u00bfC\u00f3mo controlar las preferencias de cookies?<\/h3><div>Puede gestionar sus preferencias de cookies haciendo clic en el bot\u00f3n \u00abConfiguraci\u00f3n\u00bb y activando o desactivando las categor\u00edas de galletas en la ventana emergente seg\u00fan sus prefer\u00e8ncies.Si decide cambiar sus preferencias m\u00e1s adelante a trav\u00e9s de la sesi\u00f3n de navegaci\u00f3n, puede hacer clic en la pesta\u00f1a \u00abPol\u00edtica de privacidad y cookies\u00bb de la pantalla. Se mostrar\u00e1 de nuevo el aviso de consentimiento que le permitir\u00e1 cambiar sus preferencias o retirarlo completament.A m\u00e1s, diferentes navegadores proporcionan m\u00e9todos diferentes para bloquear y eliminar las cookies que utilizan los sitios web. Puede cambiar la configuraci\u00f3n de su navegador para bloquear \/ eliminar las cookies. Para obtener m\u00e1s informaci\u00f3n sobre c\u00f3mo gestionar y eliminar las cookies, visite wikipedia.org, <a href=\"http:\/\/www.allaboutcookies.org\">www.allaboutcookies.org<\/a>.<\/div><\/div>\t\t\t\t\t\t\t\t<\/div>\n\t\t\t\t<\/div>\n\t\t\t\t\t<\/div>\n\t\t<\/div>\n\t\t\t\t\t<\/div>\n\t\t<\/section>\n\t\t\t\t<\/div>\n\t\t","protected":false},"excerpt":{"rendered":"<p>The Boutique Store For Plants! Everything Is Better With Plants Shop Now High Quality Plants A line about the service you&#8217;ve mentioned above. Wide Plant Range A line about the service you&#8217;ve mentioned above. Excellent Services A line about the service you&#8217;ve mentioned above. Fast Delivery A line about the service you&#8217;ve mentioned above. Cactus &hellip;<\/p>\n<p class=\"read-more\"> <a class=\"\" href=\"https:\/\/websitedemos.net\/plant-shop-04\/\"> <span class=\"screen-reader-text\">Home<\/span> Read More &raquo;<\/a><\/p>\n","protected":false},"author":1,"featured_media":0,"parent":0,"menu_order":0,"comment_status":"closed","ping_status":"closed","template":"elementor_header_footer","meta":{"site-sidebar-layout":"no-sidebar","site-content-layout":"page-builder","ast-site-content-layout":"","site-content-style":"default","site-sidebar-style":"default","ast-global-header-display":"","ast-banner-title-visibility":"","ast-main-header-display":"","ast-hfb-above-header-display":"","ast-hfb-below-header-display":"","ast-hfb-mobile-header-display":"","site-post-title":"disabled","ast-breadcrumbs-content":"","ast-featured-img":"disabled","footer-sml-layout":"","theme-transparent-header-meta":"enabled","adv-header-id-meta":"","stick-header-meta":"","header-above-stick-meta":"","header-main-stick-meta":"","header-below-stick-meta":"","astra-migrate-meta-layouts":"default","ast-page-background-enabled":"default","ast-page-background-meta":{"desktop":{"background-color":"","background-image":"","background-repeat":"repeat","background-position":"center center","background-size":"auto","background-attachment":"scroll","background-type":"","background-media":"","overlay-type":"","overlay-color":"","overlay-opacity":"","overlay-gradient":""},"tablet":{"background-color":"","background-image":"","background-repeat":"repeat","background-position":"center center","background-size":"auto","background-attachment":"scroll","background-type":"","background-media":"","overlay-type":"","overlay-color":"","overlay-opacity":"","overlay-gradient":""},"mobile":{"background-color":"","background-image":"","background-repeat":"repeat","background-position":"center center","background-size":"auto","background-attachment":"scroll","background-type":"","background-media":"","overlay-type":"","overlay-color":"","overlay-opacity":"","overlay-gradient":""}},"ast-content-background-meta":{"desktop":{"background-color":"var(--ast-global-color-5)","background-image":"","background-repeat":"repeat","background-position":"center center","background-size":"auto","background-attachment":"scroll","background-type":"","background-media":"","overlay-type":"","overlay-color":"","overlay-opacity":"","overlay-gradient":""},"tablet":{"background-color":"var(--ast-global-color-5)","background-image":"","background-repeat":"repeat","background-position":"center center","background-size":"auto","background-attachment":"scroll","background-type":"","background-media":"","overlay-type":"","overlay-color":"","overlay-opacity":"","overlay-gradient":""},"mobile":{"background-color":"var(--ast-global-color-5)","background-image":"","background-repeat":"repeat","background-position":"center center","background-size":"auto","background-attachment":"scroll","background-type":"","background-media":"","overlay-type":"","overlay-color":"","overlay-opacity":"","overlay-gradient":""}},"footnotes":""},"class_list":["post-3070","page","type-page","status-publish","hentry"],"yoast_head":"<!-- This site is optimized with the Yoast SEO plugin v27.4 - https:\/\/yoast.com\/product\/yoast-seo-wordpress\/ -->\n<title>Pol\u00edtica de Cookies - An\u00e0lisis Reig<\/title>\n<meta name=\"robots\" content=\"index, follow, max-snippet:-1, max-image-preview:large, max-video-preview:-1\" \/>\n<link rel=\"canonical\" href=\"https:\/\/analisisreig.cat\/es\/politica-de-cookies\/\" \/>\n<meta property=\"og:locale\" content=\"es_ES\" \/>\n<meta property=\"og:type\" content=\"article\" \/>\n<meta property=\"og:title\" content=\"Pol\u00edtica de Cookies - An\u00e0lisis Reig\" \/>\n<meta property=\"og:description\" content=\"The Boutique Store For Plants! Everything Is Better With Plants Shop Now High Quality Plants A line about the service you&#8217;ve mentioned above. Wide Plant Range A line about the service you&#8217;ve mentioned above. Excellent Services A line about the service you&#8217;ve mentioned above. Fast Delivery A line about the service you&#8217;ve mentioned above. Cactus &hellip;  Home Read More &raquo;\" \/>\n<meta property=\"og:url\" content=\"https:\/\/analisisreig.cat\/es\/politica-de-cookies\/\" \/>\n<meta property=\"og:site_name\" content=\"An\u00e0lisis Reig\" \/>\n<meta property=\"article:modified_time\" content=\"2021-07-22T06:36:51+00:00\" \/>\n<meta name=\"twitter:card\" content=\"summary_large_image\" \/>\n<meta name=\"twitter:label1\" content=\"Tiempo de lectura\" \/>\n\t<meta name=\"twitter:data1\" content=\"5 minutos\" \/>\n<script type=\"application\/ld+json\" class=\"yoast-schema-graph\">{\"@context\":\"https:\\\/\\\/schema.org\",\"@graph\":[{\"@type\":\"WebPage\",\"@id\":\"https:\\\/\\\/analisisreig.cat\\\/es\\\/politica-de-cookies\\\/\",\"url\":\"https:\\\/\\\/analisisreig.cat\\\/es\\\/politica-de-cookies\\\/\",\"name\":\"Pol\u00edtica de Cookies - An\u00e0lisis Reig\",\"isPartOf\":{\"@id\":\"https:\\\/\\\/analisisreig.cat\\\/#website\"},\"datePublished\":\"2021-07-21T11:24:06+00:00\",\"dateModified\":\"2021-07-22T06:36:51+00:00\",\"breadcrumb\":{\"@id\":\"https:\\\/\\\/analisisreig.cat\\\/es\\\/politica-de-cookies\\\/#breadcrumb\"},\"inLanguage\":\"es\",\"potentialAction\":[{\"@type\":\"ReadAction\",\"target\":[\"https:\\\/\\\/analisisreig.cat\\\/es\\\/politica-de-cookies\\\/\"]}]},{\"@type\":\"BreadcrumbList\",\"@id\":\"https:\\\/\\\/analisisreig.cat\\\/es\\\/politica-de-cookies\\\/#breadcrumb\",\"itemListElement\":[{\"@type\":\"ListItem\",\"position\":1,\"name\":\"Portada\",\"item\":\"https:\\\/\\\/analisisreig.cat\\\/es\\\/\"},{\"@type\":\"ListItem\",\"position\":2,\"name\":\"Pol\u00edtica de Cookies\"}]},{\"@type\":\"WebSite\",\"@id\":\"https:\\\/\\\/analisisreig.cat\\\/#website\",\"url\":\"https:\\\/\\\/analisisreig.cat\\\/\",\"name\":\"An\u00e0lisis Reig\",\"description\":\"An\u00e0lisis Reig\",\"potentialAction\":[{\"@type\":\"SearchAction\",\"target\":{\"@type\":\"EntryPoint\",\"urlTemplate\":\"https:\\\/\\\/analisisreig.cat\\\/?s={search_term_string}\"},\"query-input\":{\"@type\":\"PropertyValueSpecification\",\"valueRequired\":true,\"valueName\":\"search_term_string\"}}],\"inLanguage\":\"es\"}]}<\/script>\n<!-- \/ Yoast SEO plugin. -->","yoast_head_json":{"title":"Pol\u00edtica de Cookies - An\u00e0lisis Reig","robots":{"index":"index","follow":"follow","max-snippet":"max-snippet:-1","max-image-preview":"max-image-preview:large","max-video-preview":"max-video-preview:-1"},"canonical":"https:\/\/analisisreig.cat\/es\/politica-de-cookies\/","og_locale":"es_ES","og_type":"article","og_title":"Pol\u00edtica de Cookies - An\u00e0lisis Reig","og_description":"The Boutique Store For Plants! Everything Is Better With Plants Shop Now High Quality Plants A line about the service you&#8217;ve mentioned above. Wide Plant Range A line about the service you&#8217;ve mentioned above. Excellent Services A line about the service you&#8217;ve mentioned above. Fast Delivery A line about the service you&#8217;ve mentioned above. Cactus &hellip;  Home Read More &raquo;","og_url":"https:\/\/analisisreig.cat\/es\/politica-de-cookies\/","og_site_name":"An\u00e0lisis Reig","article_modified_time":"2021-07-22T06:36:51+00:00","twitter_card":"summary_large_image","twitter_misc":{"Tiempo de lectura":"5 minutos"},"schema":{"@context":"https:\/\/schema.org","@graph":[{"@type":"WebPage","@id":"https:\/\/analisisreig.cat\/es\/politica-de-cookies\/","url":"https:\/\/analisisreig.cat\/es\/politica-de-cookies\/","name":"Pol\u00edtica de Cookies - An\u00e0lisis Reig","isPartOf":{"@id":"https:\/\/analisisreig.cat\/#website"},"datePublished":"2021-07-21T11:24:06+00:00","dateModified":"2021-07-22T06:36:51+00:00","breadcrumb":{"@id":"https:\/\/analisisreig.cat\/es\/politica-de-cookies\/#breadcrumb"},"inLanguage":"es","potentialAction":[{"@type":"ReadAction","target":["https:\/\/analisisreig.cat\/es\/politica-de-cookies\/"]}]},{"@type":"BreadcrumbList","@id":"https:\/\/analisisreig.cat\/es\/politica-de-cookies\/#breadcrumb","itemListElement":[{"@type":"ListItem","position":1,"name":"Portada","item":"https:\/\/analisisreig.cat\/es\/"},{"@type":"ListItem","position":2,"name":"Pol\u00edtica de Cookies"}]},{"@type":"WebSite","@id":"https:\/\/analisisreig.cat\/#website","url":"https:\/\/analisisreig.cat\/","name":"An\u00e0lisis Reig","description":"An\u00e0lisis Reig","potentialAction":[{"@type":"SearchAction","target":{"@type":"EntryPoint","urlTemplate":"https:\/\/analisisreig.cat\/?s={search_term_string}"},"query-input":{"@type":"PropertyValueSpecification","valueRequired":true,"valueName":"search_term_string"}}],"inLanguage":"es"}]}},"_links":{"self":[{"href":"https:\/\/analisisreig.cat\/es\/wp-json\/wp\/v2\/pages\/3070","targetHints":{"allow":["GET"]}}],"collection":[{"href":"https:\/\/analisisreig.cat\/es\/wp-json\/wp\/v2\/pages"}],"about":[{"href":"https:\/\/analisisreig.cat\/es\/wp-json\/wp\/v2\/types\/page"}],"author":[{"embeddable":true,"href":"https:\/\/analisisreig.cat\/es\/wp-json\/wp\/v2\/users\/1"}],"replies":[{"embeddable":true,"href":"https:\/\/analisisreig.cat\/es\/wp-json\/wp\/v2\/comments?post=3070"}],"version-history":[{"count":21,"href":"https:\/\/analisisreig.cat\/es\/wp-json\/wp\/v2\/pages\/3070\/revisions"}],"predecessor-version":[{"id":3198,"href":"https:\/\/analisisreig.cat\/es\/wp-json\/wp\/v2\/pages\/3070\/revisions\/3198"}],"wp:attachment":[{"href":"https:\/\/analisisreig.cat\/es\/wp-json\/wp\/v2\/media?parent=3070"}],"curies":[{"name":"wp","href":"https:\/\/api.w.org\/{rel}","templated":true}]}}